{"id":881,"date":"2023-02-15T17:04:09","date_gmt":"2023-02-15T20:04:09","guid":{"rendered":"https:\/\/energiaqueinova.com\/?page_id=881"},"modified":"2023-07-10T10:58:21","modified_gmt":"2023-07-10T13:58:21","slug":"linha-editorial","status":"publish","type":"page","link":"https:\/\/energiaqueinova.com\/en\/linha-editorial\/","title":{"rendered":"Editorial Line"},"content":{"rendered":"<div data-elementor-type=\"wp-page\" data-elementor-id=\"881\" class=\"elementor elementor-881\" data-elementor-post-type=\"page\">\n\t\t\t\t\t\t<section class=\"elementor-section elementor-top-section elementor-element elementor-element-5abee32 elementor-section-height-min-height elementor-section-boxed elementor-section-height-default elementor-section-items-middle\" data-id=\"5abee32\" data-element_type=\"section\" data-settings=\"{&quot;background_background&quot;:&quot;classic&quot;}\">\n\t\t\t\t\t\t\t<div class=\"elementor-background-overlay\"><\/div>\n\t\t\t\t\t\t\t<div class=\"elementor-container elementor-column-gap-default\">\n\t\t\t\t\t<div class=\"elementor-column elementor-col-100 elementor-top-column elementor-element elementor-element-e4af7f9\" data-id=\"e4af7f9\" data-element_type=\"column\">\n\t\t\t<div class=\"elementor-widget-wrap elementor-element-populated\">\n\t\t\t\t\t\t<div class=\"elementor-element elementor-element-1006410 elementor-widget elementor-widget-heading\" data-id=\"1006410\" data-element_type=\"widget\" data-settings=\"{&quot;ekit_we_effect_on&quot;:&quot;none&quot;}\" data-widget_type=\"heading.default\">\n\t\t\t\t<div class=\"elementor-widget-container\">\n\t\t\t\t\t<h2 class=\"elementor-heading-title elementor-size-default\">Our mission is safe and current information about energy, sustainability and energy efficiency.<\/h2>\t\t\t\t<\/div>\n\t\t\t\t<\/div>\n\t\t\t\t\t<\/div>\n\t\t<\/div>\n\t\t\t\t\t<\/div>\n\t\t<\/section>\n\t\t\t\t<section class=\"elementor-section elementor-top-section elementor-element elementor-element-60622ed elementor-section-boxed elementor-section-height-default elementor-section-height-default\" data-id=\"60622ed\" data-element_type=\"section\">\n\t\t\t\t\t\t<div class=\"elementor-container elementor-column-gap-default\">\n\t\t\t\t\t<div class=\"elementor-column elementor-col-100 elementor-top-column elementor-element elementor-element-f278311\" data-id=\"f278311\" data-element_type=\"column\">\n\t\t\t<div class=\"elementor-widget-wrap elementor-element-populated\">\n\t\t\t\t\t\t<div class=\"elementor-element elementor-element-33bb330 elementor-widget elementor-widget-text-editor\" data-id=\"33bb330\" data-element_type=\"widget\" data-settings=\"{&quot;ekit_we_effect_on&quot;:&quot;none&quot;}\" data-widget_type=\"text-editor.default\">\n\t\t\t\t<div class=\"elementor-widget-container\">\n\t\t\t\t\t\t\t\t\t<p>The Energia Que Inova Portal&#039;s mission is to be a reference source of information for the global energy sector. Our editorial line aims to cover the challenges, opportunities and trends of the energy market, both nationally and internationally.<\/p><p>Our commitment is to offer complete and up-to-date coverage of renewable energy sources and their respective markets, including technological innovations and industry curiosities. We also highlight the importance of energy efficiency and present innovative solutions for the improvement of the global energy sector.<\/p><p>In addition to providing technical information about the energy sector, we also seek to raise awareness of environmental, economic and social sustainability. We highlight the innovative practices and solutions being implemented around the world to create a more sustainable and socially responsible economy.<\/p><p>On this Portal you will find secure publications from reliable sources. We are the content platform of the company Climate Positive Outlook, a reference in the themes of climate, energy and sustainability.<\/p>\t\t\t\t\t\t\t\t<\/div>\n\t\t\t\t<\/div>\n\t\t\t\t\t<\/div>\n\t\t<\/div>\n\t\t\t\t\t<\/div>\n\t\t<\/section>\n\t\t\t\t<\/div>","protected":false},"excerpt":{"rendered":"<p>Nossa miss\u00e3o \u00e9 a informa\u00e7\u00e3o segura e atual sobre energia, sustentabilidade e efici\u00eancia energ\u00e9tica. O Portal Energia Que Inova tem como miss\u00e3o ser uma fonte de informa\u00e7\u00e3o de refer\u00eancia para o setor energ\u00e9tico global. Nossa linha editorial tem o objetivo de abranger os desafios, oportunidades e tend\u00eancias do mercado energ\u00e9tico, tanto no \u00e2mbito nacional quanto [&hellip;]<\/p>","protected":false},"author":14,"featured_media":0,"parent":0,"menu_order":0,"comment_status":"closed","ping_status":"closed","template":"elementor_header_footer","meta":{"_uag_custom_page_level_css":"","two_page_speed":[],"footnotes":""},"class_list":["post-881","page","type-page","status-publish","hentry"],"yoast_head":"<!-- This site is optimized with the Yoast SEO Premium plugin v20.10 (Yoast SEO v27.2) - https:\/\/yoast.com\/product\/yoast-seo-premium-wordpress\/ -->\n<title>Linha Editorial - Energia que Inova<\/title>\n<meta name=\"description\" content=\"Energia que Inova - Linha Editorial\" \/>\n<meta name=\"robots\" content=\"index, follow, max-snippet:-1, max-image-preview:large, max-video-preview:-1\" \/>\n<link rel=\"canonical\" href=\"https:\/\/energiaqueinova.com\/en\/linha-editorial\/\" \/>\n<meta property=\"og:locale\" content=\"en_US\" \/>\n<meta property=\"og:type\" content=\"article\" \/>\n<meta property=\"og:title\" content=\"Linha Editorial\" \/>\n<meta property=\"og:description\" content=\"Energia que Inova - Linha Editorial\" \/>\n<meta property=\"og:url\" content=\"https:\/\/energiaqueinova.com\/en\/linha-editorial\/\" \/>\n<meta property=\"og:site_name\" content=\"Energia que Inova\" \/>\n<meta property=\"article:publisher\" content=\"https:\/\/www.facebook.com\/energiaqueinova\" \/>\n<meta property=\"article:modified_time\" content=\"2023-07-10T13:58:21+00:00\" \/>\n<meta property=\"og:image\" content=\"https:\/\/energiaqueinova.com\/wp-content\/uploads\/2023\/12\/Design-sem-nome-2023-12-02T185739.092.png\" \/>\n\t<meta property=\"og:image:width\" content=\"1125\" \/>\n\t<meta property=\"og:image:height\" content=\"750\" \/>\n\t<meta property=\"og:image:type\" content=\"image\/png\" \/>\n<meta name=\"twitter:card\" content=\"summary_large_image\" \/>\n<meta name=\"twitter:site\" content=\"@energiaqueinova\" \/>\n<meta name=\"twitter:label1\" content=\"Est. reading time\" \/>\n\t<meta name=\"twitter:data1\" content=\"1 minute\" \/>\n<script type=\"application\/ld+json\" class=\"yoast-schema-graph\">{\"@context\":\"https:\/\/schema.org\",\"@graph\":[{\"@type\":\"WebPage\",\"@id\":\"https:\/\/energiaqueinova.com\/linha-editorial\/\",\"url\":\"https:\/\/energiaqueinova.com\/linha-editorial\/\",\"name\":\"Linha Editorial - Energia que Inova\",\"isPartOf\":{\"@id\":\"https:\/\/energiaqueinova.com\/#website\"},\"datePublished\":\"2023-02-15T20:04:09+00:00\",\"dateModified\":\"2023-07-10T13:58:21+00:00\",\"description\":\"Energia que Inova - Linha Editorial\",\"breadcrumb\":{\"@id\":\"https:\/\/energiaqueinova.com\/linha-editorial\/#breadcrumb\"},\"inLanguage\":\"en-US\",\"potentialAction\":[{\"@type\":\"ReadAction\",\"target\":[\"https:\/\/energiaqueinova.com\/linha-editorial\/\"]}]},{\"@type\":\"BreadcrumbList\",\"@id\":\"https:\/\/energiaqueinova.com\/linha-editorial\/#breadcrumb\",\"itemListElement\":[{\"@type\":\"ListItem\",\"position\":1,\"name\":\"In\u00edcio\",\"item\":\"https:\/\/energiaqueinova.com\/\"},{\"@type\":\"ListItem\",\"position\":2,\"name\":\"Linha Editorial\"}]},{\"@type\":\"WebSite\",\"@id\":\"https:\/\/energiaqueinova.com\/#website\",\"url\":\"https:\/\/energiaqueinova.com\/\",\"name\":\"Energia que Inova\",\"description\":\"For a Climate Positive\",\"publisher\":{\"@id\":\"https:\/\/energiaqueinova.com\/#organization\"},\"alternateName\":\"EQI\",\"potentialAction\":[{\"@type\":\"SearchAction\",\"target\":{\"@type\":\"EntryPoint\",\"urlTemplate\":\"https:\/\/energiaqueinova.com\/?s={search_term_string}\"},\"query-input\":{\"@type\":\"PropertyValueSpecification\",\"valueRequired\":true,\"valueName\":\"search_term_string\"}}],\"inLanguage\":\"en-US\"},{\"@type\":\"Organization\",\"@id\":\"https:\/\/energiaqueinova.com\/#organization\",\"name\":\"Energia que Inova\",\"alternateName\":\"EQI\",\"url\":\"https:\/\/energiaqueinova.com\/\",\"logo\":{\"@type\":\"ImageObject\",\"inLanguage\":\"en-US\",\"@id\":\"https:\/\/energiaqueinova.com\/#\/schema\/logo\/image\/\",\"url\":\"https:\/\/energiaqueinova.com\/wp-content\/uploads\/2023\/02\/Logo-Energia-Que-Inova.svg\",\"contentUrl\":\"https:\/\/energiaqueinova.com\/wp-content\/uploads\/2023\/02\/Logo-Energia-Que-Inova.svg\",\"width\":515.5700000000000500222085975110530853271484375,\"height\":117.4800000000000039790393202565610408782958984375,\"caption\":\"Energia que Inova\"},\"image\":{\"@id\":\"https:\/\/energiaqueinova.com\/#\/schema\/logo\/image\/\"},\"sameAs\":[\"https:\/\/www.facebook.com\/energiaqueinova\",\"https:\/\/x.com\/energiaqueinova\",\"https:\/\/www.instagram.com\/energiaqueinova\/\",\"https:\/\/www.linkedin.com\/showcase\/energiaqueinova\"]}]}<\/script>\n<!-- \/ Yoast SEO Premium plugin. -->","yoast_head_json":{"title":"Linha Editorial - Energia que Inova","description":"Energia que Inova - Linha Editorial","robots":{"index":"index","follow":"follow","max-snippet":"max-snippet:-1","max-image-preview":"max-image-preview:large","max-video-preview":"max-video-preview:-1"},"canonical":"https:\/\/energiaqueinova.com\/en\/linha-editorial\/","og_locale":"en_US","og_type":"article","og_title":"Linha Editorial","og_description":"Energia que Inova - Linha Editorial","og_url":"https:\/\/energiaqueinova.com\/en\/linha-editorial\/","og_site_name":"Energia que Inova","article_publisher":"https:\/\/www.facebook.com\/energiaqueinova","article_modified_time":"2023-07-10T13:58:21+00:00","og_image":[{"width":1125,"height":750,"url":"https:\/\/energiaqueinova.com\/wp-content\/uploads\/2023\/12\/Design-sem-nome-2023-12-02T185739.092.png","type":"image\/png"}],"twitter_card":"summary_large_image","twitter_site":"@energiaqueinova","twitter_misc":{"Est. reading time":"1 minute"},"schema":{"@context":"https:\/\/schema.org","@graph":[{"@type":"WebPage","@id":"https:\/\/energiaqueinova.com\/linha-editorial\/","url":"https:\/\/energiaqueinova.com\/linha-editorial\/","name":"Linha Editorial - Energia que Inova","isPartOf":{"@id":"https:\/\/energiaqueinova.com\/#website"},"datePublished":"2023-02-15T20:04:09+00:00","dateModified":"2023-07-10T13:58:21+00:00","description":"Energia que Inova - Linha Editorial","breadcrumb":{"@id":"https:\/\/energiaqueinova.com\/linha-editorial\/#breadcrumb"},"inLanguage":"en-US","potentialAction":[{"@type":"ReadAction","target":["https:\/\/energiaqueinova.com\/linha-editorial\/"]}]},{"@type":"BreadcrumbList","@id":"https:\/\/energiaqueinova.com\/linha-editorial\/#breadcrumb","itemListElement":[{"@type":"ListItem","position":1,"name":"In\u00edcio","item":"https:\/\/energiaqueinova.com\/"},{"@type":"ListItem","position":2,"name":"Linha Editorial"}]},{"@type":"WebSite","@id":"https:\/\/energiaqueinova.com\/#website","url":"https:\/\/energiaqueinova.com\/","name":"Energia que Inova","description":"For a Climate Positive","publisher":{"@id":"https:\/\/energiaqueinova.com\/#organization"},"alternateName":"EQI","potentialAction":[{"@type":"SearchAction","target":{"@type":"EntryPoint","urlTemplate":"https:\/\/energiaqueinova.com\/?s={search_term_string}"},"query-input":{"@type":"PropertyValueSpecification","valueRequired":true,"valueName":"search_term_string"}}],"inLanguage":"en-US"},{"@type":"Organization","@id":"https:\/\/energiaqueinova.com\/#organization","name":"Energia que Inova","alternateName":"EQI","url":"https:\/\/energiaqueinova.com\/","logo":{"@type":"ImageObject","inLanguage":"en-US","@id":"https:\/\/energiaqueinova.com\/#\/schema\/logo\/image\/","url":"https:\/\/energiaqueinova.com\/wp-content\/uploads\/2023\/02\/Logo-Energia-Que-Inova.svg","contentUrl":"https:\/\/energiaqueinova.com\/wp-content\/uploads\/2023\/02\/Logo-Energia-Que-Inova.svg","width":515.5700000000000500222085975110530853271484375,"height":117.4800000000000039790393202565610408782958984375,"caption":"Energia que Inova"},"image":{"@id":"https:\/\/energiaqueinova.com\/#\/schema\/logo\/image\/"},"sameAs":["https:\/\/www.facebook.com\/energiaqueinova","https:\/\/x.com\/energiaqueinova","https:\/\/www.instagram.com\/energiaqueinova\/","https:\/\/www.linkedin.com\/showcase\/energiaqueinova"]}]}},"uagb_featured_image_src":{"full":false,"thumbnail":false,"medium":false,"medium_large":false,"large":false,"1536x1536":false,"2048x2048":false,"trp-custom-language-flag":false,"tenweb_optimizer_mobile":false,"tenweb_optimizer_tablet":false,"web-stories-poster-portrait":false,"web-stories-publisher-logo":false,"web-stories-thumbnail":false},"uagb_author_info":{"display_name":"Kleyson Carvalho","author_link":"https:\/\/energiaqueinova.com\/en\/author\/chile\/"},"uagb_comment_info":0,"uagb_excerpt":"Nossa miss\u00e3o \u00e9 a informa\u00e7\u00e3o segura e atual sobre energia, sustentabilidade e efici\u00eancia energ\u00e9tica. O Portal Energia Que Inova tem como miss\u00e3o ser uma fonte de informa\u00e7\u00e3o de refer\u00eancia para o setor energ\u00e9tico global. Nossa linha editorial tem o objetivo de abranger os desafios, oportunidades e tend\u00eancias do mercado energ\u00e9tico, tanto no \u00e2mbito nacional quanto&hellip;","_links":{"self":[{"href":"https:\/\/energiaqueinova.com\/en\/wp-json\/wp\/v2\/pages\/881","targetHints":{"allow":["GET"]}}],"collection":[{"href":"https:\/\/energiaqueinova.com\/en\/wp-json\/wp\/v2\/pages"}],"about":[{"href":"https:\/\/energiaqueinova.com\/en\/wp-json\/wp\/v2\/types\/page"}],"author":[{"embeddable":true,"href":"https:\/\/energiaqueinova.com\/en\/wp-json\/wp\/v2\/users\/14"}],"replies":[{"embeddable":true,"href":"https:\/\/energiaqueinova.com\/en\/wp-json\/wp\/v2\/comments?post=881"}],"version-history":[{"count":3,"href":"https:\/\/energiaqueinova.com\/en\/wp-json\/wp\/v2\/pages\/881\/revisions"}],"predecessor-version":[{"id":5198,"href":"https:\/\/energiaqueinova.com\/en\/wp-json\/wp\/v2\/pages\/881\/revisions\/5198"}],"wp:attachment":[{"href":"https:\/\/energiaqueinova.com\/en\/wp-json\/wp\/v2\/media?parent=881"}],"curies":[{"name":"wp","href":"https:\/\/api.w.org\/{rel}","templated":true}]}}