{"id":489,"date":"2023-02-14T14:39:33","date_gmt":"2023-02-14T17:39:33","guid":{"rendered":"https:\/\/energiaqueinova.com\/?page_id=489"},"modified":"2023-08-01T12:37:40","modified_gmt":"2023-08-01T15:37:40","slug":"sobre-nos","status":"publish","type":"page","link":"https:\/\/energiaqueinova.com\/en\/sobre-nos\/","title":{"rendered":"About Us"},"content":{"rendered":"<div data-elementor-type=\"wp-page\" data-elementor-id=\"489\" class=\"elementor elementor-489\" data-elementor-post-type=\"page\">\n\t\t\t\t<div class=\"elementor-element elementor-element-d90ee14 e-flex e-con-boxed e-con e-parent\" data-id=\"d90ee14\" data-element_type=\"container\" data-settings=\"{&quot;background_background&quot;:&quot;classic&quot;}\">\n\t\t\t\t\t<div class=\"e-con-inner\">\n\t\t<div class=\"elementor-element elementor-element-299ad09 e-con-full e-flex e-con e-child\" data-id=\"299ad09\" data-element_type=\"container\">\n\t\t\t\t<div class=\"elementor-element elementor-element-b4dddd3 elementor-widget elementor-widget-heading\" data-id=\"b4dddd3\" data-element_type=\"widget\" data-settings=\"{&quot;ekit_we_effect_on&quot;:&quot;none&quot;}\" data-widget_type=\"heading.default\">\n\t\t\t\t<div class=\"elementor-widget-container\">\n\t\t\t\t\t<h2 class=\"elementor-heading-title elementor-size-default\">The Energiaquenova.com platform aims to promote the economy of decarbonization and the neutralization of emissions of other greenhouse gases, by providing free, highly informative and relevant online services and content.<\/h2>\t\t\t\t<\/div>\n\t\t\t\t<\/div>\n\t\t\t\t<\/div>\n\t\t\t\t\t<\/div>\n\t\t\t\t<\/div>\n\t\t<div class=\"elementor-element elementor-element-c3d86c3 e-flex e-con-boxed e-con e-parent\" data-id=\"c3d86c3\" data-element_type=\"container\">\n\t\t\t\t\t<div class=\"e-con-inner\">\n\t\t<div class=\"elementor-element elementor-element-bf32c6a e-con-full e-flex e-con e-child\" data-id=\"bf32c6a\" data-element_type=\"container\">\n\t\t\t\t<div class=\"elementor-element elementor-element-4180a6e elementor-widget elementor-widget-spacer\" data-id=\"4180a6e\" data-element_type=\"widget\" data-settings=\"{&quot;ekit_we_effect_on&quot;:&quot;none&quot;}\" data-widget_type=\"spacer.default\">\n\t\t\t\t<div class=\"elementor-widget-container\">\n\t\t\t\t\t\t\t<div class=\"elementor-spacer\">\n\t\t\t<div class=\"elementor-spacer-inner\"><\/div>\n\t\t<\/div>\n\t\t\t\t\t\t<\/div>\n\t\t\t\t<\/div>\n\t\t\t\t<div class=\"elementor-element elementor-element-c336abf elementor-widget elementor-widget-heading\" data-id=\"c336abf\" data-element_type=\"widget\" data-settings=\"{&quot;ekit_we_effect_on&quot;:&quot;none&quot;}\" data-widget_type=\"heading.default\">\n\t\t\t\t<div class=\"elementor-widget-container\">\n\t\t\t\t\t<h2 class=\"elementor-heading-title elementor-size-default\">For a Positive Climate<\/h2>\t\t\t\t<\/div>\n\t\t\t\t<\/div>\n\t\t\t\t<div class=\"elementor-element elementor-element-94023fd elementor-widget elementor-widget-text-editor\" data-id=\"94023fd\" data-element_type=\"widget\" data-settings=\"{&quot;ekit_we_effect_on&quot;:&quot;none&quot;}\" data-widget_type=\"text-editor.default\">\n\t\t\t\t<div class=\"elementor-widget-container\">\n\t\t\t\t\t\t\t\t\t<p>The Energiaqueinova.com platform is a portal of services and online content from the company Climate Positive Outlook Brasil, dedicated to the publication of free content oriented to the Brazilian market, in sections related to energy, energy efficiency and sustainability, in Brazil and worldwide.<\/p><p>Climate Positive Outlook Brasil is a content provider company <em>freemium<\/em> highly informative and other information services on the internet, specializing in trends and prospects (<em>trends and outlook<\/em>) in the areas of renewable energy, energy efficiency, digital industry, advanced materials, sustainability, environment and climate.<\/p>\t\t\t\t\t\t\t\t<\/div>\n\t\t\t\t<\/div>\n\t\t\t\t<\/div>\n\t\t\t\t\t<\/div>\n\t\t\t\t<\/div>\n\t\t<div class=\"elementor-element elementor-element-0b9ef2c e-flex e-con-boxed e-con e-parent\" data-id=\"0b9ef2c\" data-element_type=\"container\">\n\t\t\t\t\t<div class=\"e-con-inner\">\n\t\t<div class=\"elementor-element elementor-element-c1b84a0 e-con-full e-flex e-con e-child\" data-id=\"c1b84a0\" data-element_type=\"container\">\n\t\t\t\t<div class=\"elementor-element elementor-element-0717b3a elementor-flip-box--effect-zoom-in elementor-widget elementor-widget-flip-box\" data-id=\"0717b3a\" data-element_type=\"widget\" data-settings=\"{&quot;ekit_we_effect_on&quot;:&quot;none&quot;}\" data-widget_type=\"flip-box.default\">\n\t\t\t\t<div class=\"elementor-widget-container\">\n\t\t\t\t\t\t\t<div class=\"elementor-flip-box\" tabindex=\"0\">\n\t\t\t<div class=\"elementor-flip-box__layer elementor-flip-box__front\">\n\t\t\t\t<div class=\"elementor-flip-box__layer__overlay\">\n\t\t\t\t\t<div class=\"elementor-flip-box__layer__inner\">\n\t\t\t\t\t\t\t\t\t\t\t\t\t<div class=\"elementor-icon-wrapper elementor-view-default\">\n\t\t\t\t\t\t\t\t<div class=\"elementor-icon\">\n\t\t\t\t\t\t\t\t\t<i class=\"icon icon-target-2\"><\/i>\t\t\t\t\t\t\t\t<\/div>\n\t\t\t\t\t\t\t<\/div>\n\t\t\t\t\t\t\n\t\t\t\t\t\t\t\t\t\t\t\t\t<h3 class=\"elementor-flip-box__layer__title\">\n\t\t\t\t\t\t\t\tMission\t\t\t\t\t\t\t<\/h3>\n\t\t\t\t\t\t\n\t\t\t\t\t\t\t\t\t\t\t<\/div>\n\t\t\t\t<\/div>\n\t\t\t<\/div>\n\t\t\t<div class=\"elementor-flip-box__layer elementor-flip-box__back\">\n\t\t\t<div class=\"elementor-flip-box__layer__overlay\">\n\t\t\t\t<div class=\"elementor-flip-box__layer__inner\">\n\t\t\t\t\t\n\t\t\t\t\t\t\t\t\t\t\t<div class=\"elementor-flip-box__layer__description\">\n\t\t\t\t\t\t\tPromoting the transition to a global economy of decarbonization and the neutralization of emissions of other greenhouse gases, through content aimed at raising the socio-environmental awareness of people, companies and governments.\t\t\t\t\t\t<\/div>\n\t\t\t\t\t\n\t\t\t\t\t\t\t\t<\/div>\n\t\t<\/div>\n\t\t<\/div>\n\t\t<\/div>\n\t\t\t\t\t\t<\/div>\n\t\t\t\t<\/div>\n\t\t\t\t<\/div>\n\t\t<div class=\"elementor-element elementor-element-33bf617 e-con-full e-flex e-con e-child\" data-id=\"33bf617\" data-element_type=\"container\">\n\t\t\t\t<div class=\"elementor-element elementor-element-0576eac elementor-flip-box--effect-zoom-in elementor-widget elementor-widget-flip-box\" data-id=\"0576eac\" data-element_type=\"widget\" data-settings=\"{&quot;ekit_we_effect_on&quot;:&quot;none&quot;}\" data-widget_type=\"flip-box.default\">\n\t\t\t\t<div class=\"elementor-widget-container\">\n\t\t\t\t\t\t\t<div class=\"elementor-flip-box\" tabindex=\"0\">\n\t\t\t<div class=\"elementor-flip-box__layer elementor-flip-box__front\">\n\t\t\t\t<div class=\"elementor-flip-box__layer__overlay\">\n\t\t\t\t\t<div class=\"elementor-flip-box__layer__inner\">\n\t\t\t\t\t\t\t\t\t\t\t\t\t<div class=\"elementor-icon-wrapper elementor-view-default\">\n\t\t\t\t\t\t\t\t<div class=\"elementor-icon\">\n\t\t\t\t\t\t\t\t\t<svg class=\"e-font-icon-svg e-far-heart\" viewbox=\"0 0 512 512\" xmlns=\"http:\/\/www.w3.org\/2000\/svg\"><path d=\"M458.4 64.3C400.6 15.7 311.3 23 256 79.3 200.7 23 111.4 15.6 53.6 64.3-21.6 127.6-10.6 230.8 43 285.5l175.4 178.7c10 10.2 23.4 15.9 37.6 15.9 14.3 0 27.6-5.6 37.6-15.8L469 285.6c53.5-54.7 64.7-157.9-10.6-221.3zm-23.6 187.5L259.4 430.5c-2.4 2.4-4.4 2.4-6.8 0L77.2 251.8c-36.5-37.2-43.9-107.6 7.3-150.7 38.9-32.7 98.9-27.8 136.5 10.5l35 35.7 35-35.7c37.8-38.5 97.8-43.2 136.5-10.6 51.1 43.1 43.5 113.9 7.3 150.8z\"><\/path><\/svg>\t\t\t\t\t\t\t\t<\/div>\n\t\t\t\t\t\t\t<\/div>\n\t\t\t\t\t\t\n\t\t\t\t\t\t\t\t\t\t\t\t\t<h3 class=\"elementor-flip-box__layer__title\">\n\t\t\t\t\t\t\t\tVision\t\t\t\t\t\t\t<\/h3>\n\t\t\t\t\t\t\n\t\t\t\t\t\t\t\t\t\t\t<\/div>\n\t\t\t\t<\/div>\n\t\t\t<\/div>\n\t\t\t<div class=\"elementor-flip-box__layer elementor-flip-box__back\">\n\t\t\t<div class=\"elementor-flip-box__layer__overlay\">\n\t\t\t\t<div class=\"elementor-flip-box__layer__inner\">\n\t\t\t\t\t\n\t\t\t\t\t\t\t\t\t\t\t<div class=\"elementor-flip-box__layer__description\">\n\t\t\t\t\t\t\tTo be the largest source of digital content on energy, energy efficiency and sustainability, oriented to the Brazilian market.\t\t\t\t\t\t<\/div>\n\t\t\t\t\t\n\t\t\t\t\t\t\t\t<\/div>\n\t\t<\/div>\n\t\t<\/div>\n\t\t<\/div>\n\t\t\t\t\t\t<\/div>\n\t\t\t\t<\/div>\n\t\t\t\t<\/div>\n\t\t<div class=\"elementor-element elementor-element-808e3a3 e-con-full e-flex e-con e-child\" data-id=\"808e3a3\" data-element_type=\"container\">\n\t\t\t\t<div class=\"elementor-element elementor-element-26a04a6 elementor-flip-box--effect-zoom-in elementor-widget elementor-widget-flip-box\" data-id=\"26a04a6\" data-element_type=\"widget\" data-settings=\"{&quot;ekit_we_effect_on&quot;:&quot;none&quot;}\" data-widget_type=\"flip-box.default\">\n\t\t\t\t<div class=\"elementor-widget-container\">\n\t\t\t\t\t\t\t<div class=\"elementor-flip-box\" tabindex=\"0\">\n\t\t\t<div class=\"elementor-flip-box__layer elementor-flip-box__front\">\n\t\t\t\t<div class=\"elementor-flip-box__layer__overlay\">\n\t\t\t\t\t<div class=\"elementor-flip-box__layer__inner\">\n\t\t\t\t\t\t\t\t\t\t\t\t\t<div class=\"elementor-icon-wrapper elementor-view-default\">\n\t\t\t\t\t\t\t\t<div class=\"elementor-icon\">\n\t\t\t\t\t\t\t\t\t<svg class=\"e-font-icon-svg e-far-paper-plane\" viewbox=\"0 0 512 512\" xmlns=\"http:\/\/www.w3.org\/2000\/svg\"><path d=\"M440 6.5L24 246.4c-34.4 19.9-31.1 70.8 5.7 85.9L144 379.6V464c0 46.4 59.2 65.5 86.6 28.6l43.8-59.1 111.9 46.2c5.9 2.4 12.1 3.6 18.3 3.6 8.2 0 16.3-2.1 23.6-6.2 12.8-7.2 21.6-20 23.9-34.5l59.4-387.2c6.1-40.1-36.9-68.8-71.5-48.9zM192 464v-64.6l36.6 15.1L192 464zm212.6-28.7l-153.8-63.5L391 169.5c10.7-15.5-9.5-33.5-23.7-21.2L155.8 332.6 48 288 464 48l-59.4 387.3z\"><\/path><\/svg>\t\t\t\t\t\t\t\t<\/div>\n\t\t\t\t\t\t\t<\/div>\n\t\t\t\t\t\t\n\t\t\t\t\t\t\t\t\t\t\t\t\t<h3 class=\"elementor-flip-box__layer__title\">\n\t\t\t\t\t\t\t\tGoals\t\t\t\t\t\t\t<\/h3>\n\t\t\t\t\t\t\n\t\t\t\t\t\t\t\t\t\t\t<\/div>\n\t\t\t\t<\/div>\n\t\t\t<\/div>\n\t\t\t<div class=\"elementor-flip-box__layer elementor-flip-box__back\">\n\t\t\t<div class=\"elementor-flip-box__layer__overlay\">\n\t\t\t\t<div class=\"elementor-flip-box__layer__inner\">\n\t\t\t\t\t\n\t\t\t\t\t\t\t\t\t\t\t<div class=\"elementor-flip-box__layer__description\">\n\t\t\t\t\t\t\tProvide free access to educational and specialized information, to achieve an economic system free of pollutant emissions and socially responsible.\t\t\t\t\t\t<\/div>\n\t\t\t\t\t\n\t\t\t\t\t\t\t\t<\/div>\n\t\t<\/div>\n\t\t<\/div>\n\t\t<\/div>\n\t\t\t\t\t\t<\/div>\n\t\t\t\t<\/div>\n\t\t\t\t<\/div>\n\t\t\t\t\t<\/div>\n\t\t\t\t<\/div>\n\t\t<div class=\"elementor-element elementor-element-2b318d1 e-flex e-con-boxed e-con e-parent\" data-id=\"2b318d1\" data-element_type=\"container\">\n\t\t\t\t\t<div class=\"e-con-inner\">\n\t\t<div class=\"elementor-element elementor-element-8c24beb e-con-full e-flex e-con e-child\" data-id=\"8c24beb\" data-element_type=\"container\">\n\t\t<div class=\"elementor-element elementor-element-fde1fd0 e-con-full e-flex e-con e-child\" data-id=\"fde1fd0\" data-element_type=\"container\">\n\t\t<div class=\"elementor-element elementor-element-18c4c17 e-con-full e-flex e-con e-child\" data-id=\"18c4c17\" data-element_type=\"container\">\n\t\t\t\t<div class=\"elementor-element elementor-element-07a19dc elementor-widget elementor-widget-image\" data-id=\"07a19dc\" data-element_type=\"widget\" data-settings=\"{&quot;ekit_we_effect_on&quot;:&quot;none&quot;}\" data-widget_type=\"image.default\">\n\t\t\t\t<div class=\"elementor-widget-container\">\n\t\t\t\t\t\t\t\t\t\t\t\t\t\t\t<img fetchpriority=\"high\" decoding=\"async\" width=\"800\" height=\"800\" src=\"https:\/\/energiaqueinova.com\/wp-content\/uploads\/2023\/08\/Design-sem-nome-26.png\" class=\"attachment-large size-large wp-image-6280\" alt=\"\" srcset=\"https:\/\/energiaqueinova.com\/wp-content\/uploads\/2023\/08\/Design-sem-nome-26.png 1080w, https:\/\/energiaqueinova.com\/wp-content\/uploads\/2023\/08\/Design-sem-nome-26-600x600.png 600w, https:\/\/energiaqueinova.com\/wp-content\/uploads\/2023\/08\/Design-sem-nome-26-300x300.png 300w, https:\/\/energiaqueinova.com\/wp-content\/uploads\/2023\/08\/Design-sem-nome-26-768x768.png 768w, https:\/\/energiaqueinova.com\/wp-content\/uploads\/2023\/08\/Design-sem-nome-26-12x12.png 12w, https:\/\/energiaqueinova.com\/wp-content\/uploads\/2023\/08\/Design-sem-nome-26-96x96.png 96w, https:\/\/energiaqueinova.com\/wp-content\/uploads\/2023\/08\/Design-sem-nome-26-150x150.png 150w\" sizes=\"(max-width: 800px) 100vw, 800px\" \/>\t\t\t\t\t\t\t\t\t\t\t\t\t\t\t<\/div>\n\t\t\t\t<\/div>\n\t\t\t\t<\/div>\n\t\t<div class=\"elementor-element elementor-element-5818cc8 e-con-full e-flex e-con e-child\" data-id=\"5818cc8\" data-element_type=\"container\">\n\t\t\t\t<div class=\"elementor-element elementor-element-aa634be elementor-icon-list--layout-traditional elementor-list-item-link-full_width elementor-widget elementor-widget-icon-list\" data-id=\"aa634be\" data-element_type=\"widget\" data-settings=\"{&quot;ekit_we_effect_on&quot;:&quot;none&quot;}\" data-widget_type=\"icon-list.default\">\n\t\t\t\t<div class=\"elementor-widget-container\">\n\t\t\t\t\t\t\t<ul class=\"elementor-icon-list-items\">\n\t\t\t\t\t\t\t<li class=\"elementor-icon-list-item\">\n\t\t\t\t\t\t\t\t\t\t<span class=\"elementor-icon-list-text\">All about Energy and Sustainability in Brazil and Worldwide<\/span>\n\t\t\t\t\t\t\t\t\t<\/li>\n\t\t\t\t\t\t<\/ul>\n\t\t\t\t\t\t<\/div>\n\t\t\t\t<\/div>\n\t\t\t\t<div class=\"elementor-element elementor-element-432ba16 elementor-widget elementor-widget-text-editor\" data-id=\"432ba16\" data-element_type=\"widget\" data-settings=\"{&quot;ekit_we_effect_on&quot;:&quot;none&quot;}\" data-widget_type=\"text-editor.default\">\n\t\t\t\t<div class=\"elementor-widget-container\">\n\t\t\t\t\t\t\t\t\t<p>The EnergiaQuenova.com platform provides highly relevant and in-depth information content in the areas of energy, energy efficiency and sustainability. Gathers information based on articles and technical-scientific reports; studies, reports and sectoral analyzes by governments and intergovernmental organizations; interviews with <em>players<\/em> of the market and specialists, from the most diverse areas related to the related themes.<\/p><p>The EnergiaQuenova.com platform was designed to promote discoveries, reflections and awakening the socio-environmental awareness of people, companies and governments, by providing free access to educational and specialized information, to achieve an economic system free of pollutant emissions and socially responsible.<\/p><p>In addition to topics related to the energy sector and its respective markets, technologies, innovations, among others, the energiaquenova.com platform is dedicated to the production of content on circular economy, low carbon economy, decarbonization economy and green economy. Among the topics relevant to the future of humanity, there are those referring to energy decarbonization (solar\/photovoltaic, wind and biomass energy, among other sources and topics related to energy transition), energy sustainability (energy storage, <em>smart grids<\/em>, <em>microgrid<\/em>, energy efficiency and energy management), global sustainability (ESG, ODS, sustainable development, environmental sustainability, reverse logistics, 5Rs, carbon credit, sustainability certificates, measurement, reduction and neutralization of GHG emissions, among other topics related to the positive climate and the ecological and digital transition).<\/p>\t\t\t\t\t\t\t\t<\/div>\n\t\t\t\t<\/div>\n\t\t\t\t<\/div>\n\t\t\t\t<\/div>\n\t\t\t\t<\/div>\n\t\t\t\t\t<\/div>\n\t\t\t\t<\/div>\n\t\t\t\t<\/div>","protected":false},"excerpt":{"rendered":"<p>The Energiaqueinova.com platform aims to promote the decarbonization economy and neutralization of emissions of other greenhouse gases, by providing free, highly informative and relevant online services and content. For a Positive Climate The Energiaqueinova.com platform is an online services and content portal from the company Climate Positive Outlook Brasil, [\u2026]<\/p>","protected":false},"author":14,"featured_media":0,"parent":0,"menu_order":0,"comment_status":"closed","ping_status":"closed","template":"elementor_header_footer","meta":{"_uag_custom_page_level_css":"","two_page_speed":[],"footnotes":""},"class_list":["post-489","page","type-page","status-publish","hentry"],"yoast_head":"<!-- This site is optimized with the Yoast SEO Premium plugin v20.10 (Yoast SEO v27.2) - https:\/\/yoast.com\/product\/yoast-seo-premium-wordpress\/ -->\n<title>Sobre N\u00f3s - Energia que Inova<\/title>\n<meta name=\"description\" content=\"Energia que Inova - Sobre N\u00f3s\" \/>\n<meta name=\"robots\" content=\"index, follow, max-snippet:-1, max-image-preview:large, max-video-preview:-1\" \/>\n<link rel=\"canonical\" href=\"https:\/\/energiaqueinova.com\/en\/sobre-nos\/\" \/>\n<meta property=\"og:locale\" content=\"en_US\" \/>\n<meta property=\"og:type\" content=\"article\" \/>\n<meta property=\"og:title\" content=\"Sobre N\u00f3s\" \/>\n<meta property=\"og:description\" content=\"Energia que Inova - Sobre N\u00f3s\" \/>\n<meta property=\"og:url\" content=\"https:\/\/energiaqueinova.com\/en\/sobre-nos\/\" \/>\n<meta property=\"og:site_name\" content=\"Energia que Inova\" \/>\n<meta property=\"article:publisher\" content=\"https:\/\/www.facebook.com\/energiaqueinova\" \/>\n<meta property=\"article:modified_time\" content=\"2023-08-01T15:37:40+00:00\" \/>\n<meta property=\"og:image\" content=\"https:\/\/energiaqueinova.com\/wp-content\/uploads\/2023\/08\/Design-sem-nome-26.png\" \/>\n<meta name=\"twitter:card\" content=\"summary_large_image\" \/>\n<meta name=\"twitter:site\" content=\"@energiaqueinova\" \/>\n<meta name=\"twitter:label1\" content=\"Est. reading time\" \/>\n\t<meta name=\"twitter:data1\" content=\"3 minutes\" \/>\n<script type=\"application\/ld+json\" class=\"yoast-schema-graph\">{\"@context\":\"https:\/\/schema.org\",\"@graph\":[{\"@type\":\"WebPage\",\"@id\":\"https:\/\/energiaqueinova.com\/sobre-nos\/\",\"url\":\"https:\/\/energiaqueinova.com\/sobre-nos\/\",\"name\":\"Sobre N\u00f3s - Energia que Inova\",\"isPartOf\":{\"@id\":\"https:\/\/energiaqueinova.com\/#website\"},\"primaryImageOfPage\":{\"@id\":\"https:\/\/energiaqueinova.com\/sobre-nos\/#primaryimage\"},\"image\":{\"@id\":\"https:\/\/energiaqueinova.com\/sobre-nos\/#primaryimage\"},\"thumbnailUrl\":\"https:\/\/energiaqueinova.com\/wp-content\/uploads\/2023\/08\/Design-sem-nome-26.png\",\"datePublished\":\"2023-02-14T17:39:33+00:00\",\"dateModified\":\"2023-08-01T15:37:40+00:00\",\"description\":\"Energia que Inova - Sobre N\u00f3s\",\"breadcrumb\":{\"@id\":\"https:\/\/energiaqueinova.com\/sobre-nos\/#breadcrumb\"},\"inLanguage\":\"en-US\",\"potentialAction\":[{\"@type\":\"ReadAction\",\"target\":[\"https:\/\/energiaqueinova.com\/sobre-nos\/\"]}]},{\"@type\":\"ImageObject\",\"inLanguage\":\"en-US\",\"@id\":\"https:\/\/energiaqueinova.com\/sobre-nos\/#primaryimage\",\"url\":\"https:\/\/energiaqueinova.com\/wp-content\/uploads\/2023\/08\/Design-sem-nome-26.png\",\"contentUrl\":\"https:\/\/energiaqueinova.com\/wp-content\/uploads\/2023\/08\/Design-sem-nome-26.png\"},{\"@type\":\"BreadcrumbList\",\"@id\":\"https:\/\/energiaqueinova.com\/sobre-nos\/#breadcrumb\",\"itemListElement\":[{\"@type\":\"ListItem\",\"position\":1,\"name\":\"In\u00edcio\",\"item\":\"https:\/\/energiaqueinova.com\/\"},{\"@type\":\"ListItem\",\"position\":2,\"name\":\"Sobre N\u00f3s\"}]},{\"@type\":\"WebSite\",\"@id\":\"https:\/\/energiaqueinova.com\/#website\",\"url\":\"https:\/\/energiaqueinova.com\/\",\"name\":\"Energia que Inova\",\"description\":\"For a Climate Positive\",\"publisher\":{\"@id\":\"https:\/\/energiaqueinova.com\/#organization\"},\"alternateName\":\"EQI\",\"potentialAction\":[{\"@type\":\"SearchAction\",\"target\":{\"@type\":\"EntryPoint\",\"urlTemplate\":\"https:\/\/energiaqueinova.com\/?s={search_term_string}\"},\"query-input\":{\"@type\":\"PropertyValueSpecification\",\"valueRequired\":true,\"valueName\":\"search_term_string\"}}],\"inLanguage\":\"en-US\"},{\"@type\":\"Organization\",\"@id\":\"https:\/\/energiaqueinova.com\/#organization\",\"name\":\"Energia que Inova\",\"alternateName\":\"EQI\",\"url\":\"https:\/\/energiaqueinova.com\/\",\"logo\":{\"@type\":\"ImageObject\",\"inLanguage\":\"en-US\",\"@id\":\"https:\/\/energiaqueinova.com\/#\/schema\/logo\/image\/\",\"url\":\"https:\/\/energiaqueinova.com\/wp-content\/uploads\/2023\/02\/Logo-Energia-Que-Inova.svg\",\"contentUrl\":\"https:\/\/energiaqueinova.com\/wp-content\/uploads\/2023\/02\/Logo-Energia-Que-Inova.svg\",\"width\":515.5700000000000500222085975110530853271484375,\"height\":117.4800000000000039790393202565610408782958984375,\"caption\":\"Energia que Inova\"},\"image\":{\"@id\":\"https:\/\/energiaqueinova.com\/#\/schema\/logo\/image\/\"},\"sameAs\":[\"https:\/\/www.facebook.com\/energiaqueinova\",\"https:\/\/x.com\/energiaqueinova\",\"https:\/\/www.instagram.com\/energiaqueinova\/\",\"https:\/\/www.linkedin.com\/showcase\/energiaqueinova\"]}]}<\/script>\n<!-- \/ Yoast SEO Premium plugin. -->","yoast_head_json":{"title":"Sobre N\u00f3s - Energia que Inova","description":"Energia que Inova - Sobre N\u00f3s","robots":{"index":"index","follow":"follow","max-snippet":"max-snippet:-1","max-image-preview":"max-image-preview:large","max-video-preview":"max-video-preview:-1"},"canonical":"https:\/\/energiaqueinova.com\/en\/sobre-nos\/","og_locale":"en_US","og_type":"article","og_title":"Sobre N\u00f3s","og_description":"Energia que Inova - Sobre N\u00f3s","og_url":"https:\/\/energiaqueinova.com\/en\/sobre-nos\/","og_site_name":"Energia que Inova","article_publisher":"https:\/\/www.facebook.com\/energiaqueinova","article_modified_time":"2023-08-01T15:37:40+00:00","og_image":[{"url":"https:\/\/energiaqueinova.com\/wp-content\/uploads\/2023\/08\/Design-sem-nome-26.png","type":"","width":"","height":""}],"twitter_card":"summary_large_image","twitter_site":"@energiaqueinova","twitter_misc":{"Est. reading time":"3 minutes"},"schema":{"@context":"https:\/\/schema.org","@graph":[{"@type":"WebPage","@id":"https:\/\/energiaqueinova.com\/sobre-nos\/","url":"https:\/\/energiaqueinova.com\/sobre-nos\/","name":"Sobre N\u00f3s - Energia que Inova","isPartOf":{"@id":"https:\/\/energiaqueinova.com\/#website"},"primaryImageOfPage":{"@id":"https:\/\/energiaqueinova.com\/sobre-nos\/#primaryimage"},"image":{"@id":"https:\/\/energiaqueinova.com\/sobre-nos\/#primaryimage"},"thumbnailUrl":"https:\/\/energiaqueinova.com\/wp-content\/uploads\/2023\/08\/Design-sem-nome-26.png","datePublished":"2023-02-14T17:39:33+00:00","dateModified":"2023-08-01T15:37:40+00:00","description":"Energia que Inova - Sobre N\u00f3s","breadcrumb":{"@id":"https:\/\/energiaqueinova.com\/sobre-nos\/#breadcrumb"},"inLanguage":"en-US","potentialAction":[{"@type":"ReadAction","target":["https:\/\/energiaqueinova.com\/sobre-nos\/"]}]},{"@type":"ImageObject","inLanguage":"en-US","@id":"https:\/\/energiaqueinova.com\/sobre-nos\/#primaryimage","url":"https:\/\/energiaqueinova.com\/wp-content\/uploads\/2023\/08\/Design-sem-nome-26.png","contentUrl":"https:\/\/energiaqueinova.com\/wp-content\/uploads\/2023\/08\/Design-sem-nome-26.png"},{"@type":"BreadcrumbList","@id":"https:\/\/energiaqueinova.com\/sobre-nos\/#breadcrumb","itemListElement":[{"@type":"ListItem","position":1,"name":"In\u00edcio","item":"https:\/\/energiaqueinova.com\/"},{"@type":"ListItem","position":2,"name":"Sobre N\u00f3s"}]},{"@type":"WebSite","@id":"https:\/\/energiaqueinova.com\/#website","url":"https:\/\/energiaqueinova.com\/","name":"Energia que Inova","description":"For a Climate Positive","publisher":{"@id":"https:\/\/energiaqueinova.com\/#organization"},"alternateName":"EQI","potentialAction":[{"@type":"SearchAction","target":{"@type":"EntryPoint","urlTemplate":"https:\/\/energiaqueinova.com\/?s={search_term_string}"},"query-input":{"@type":"PropertyValueSpecification","valueRequired":true,"valueName":"search_term_string"}}],"inLanguage":"en-US"},{"@type":"Organization","@id":"https:\/\/energiaqueinova.com\/#organization","name":"Energia que Inova","alternateName":"EQI","url":"https:\/\/energiaqueinova.com\/","logo":{"@type":"ImageObject","inLanguage":"en-US","@id":"https:\/\/energiaqueinova.com\/#\/schema\/logo\/image\/","url":"https:\/\/energiaqueinova.com\/wp-content\/uploads\/2023\/02\/Logo-Energia-Que-Inova.svg","contentUrl":"https:\/\/energiaqueinova.com\/wp-content\/uploads\/2023\/02\/Logo-Energia-Que-Inova.svg","width":515.5700000000000500222085975110530853271484375,"height":117.4800000000000039790393202565610408782958984375,"caption":"Energia que Inova"},"image":{"@id":"https:\/\/energiaqueinova.com\/#\/schema\/logo\/image\/"},"sameAs":["https:\/\/www.facebook.com\/energiaqueinova","https:\/\/x.com\/energiaqueinova","https:\/\/www.instagram.com\/energiaqueinova\/","https:\/\/www.linkedin.com\/showcase\/energiaqueinova"]}]}},"uagb_featured_image_src":{"full":false,"thumbnail":false,"medium":false,"medium_large":false,"large":false,"1536x1536":false,"2048x2048":false,"trp-custom-language-flag":false,"tenweb_optimizer_mobile":false,"tenweb_optimizer_tablet":false,"web-stories-poster-portrait":false,"web-stories-publisher-logo":false,"web-stories-thumbnail":false},"uagb_author_info":{"display_name":"Kleyson Carvalho","author_link":"https:\/\/energiaqueinova.com\/en\/author\/chile\/"},"uagb_comment_info":0,"uagb_excerpt":"A plataforma energiaqueinova.com tem o prop\u00f3sito de promover a economia de descarboniza\u00e7\u00e3o e de neutraliza\u00e7\u00e3o das emiss\u00f5es de outros gases do efeito estufa, ao disponibilizar servi\u00e7os e conte\u00fados on-line gratuitos, altamente informativos e relevantes. Por um Clima Positivo A plataforma energiaqueinova.com \u00e9 um portal de servi\u00e7os e conte\u00fados on-line da companhia Climate Positive Outlook Brasil,&hellip;","_links":{"self":[{"href":"https:\/\/energiaqueinova.com\/en\/wp-json\/wp\/v2\/pages\/489","targetHints":{"allow":["GET"]}}],"collection":[{"href":"https:\/\/energiaqueinova.com\/en\/wp-json\/wp\/v2\/pages"}],"about":[{"href":"https:\/\/energiaqueinova.com\/en\/wp-json\/wp\/v2\/types\/page"}],"author":[{"embeddable":true,"href":"https:\/\/energiaqueinova.com\/en\/wp-json\/wp\/v2\/users\/14"}],"replies":[{"embeddable":true,"href":"https:\/\/energiaqueinova.com\/en\/wp-json\/wp\/v2\/comments?post=489"}],"version-history":[{"count":51,"href":"https:\/\/energiaqueinova.com\/en\/wp-json\/wp\/v2\/pages\/489\/revisions"}],"predecessor-version":[{"id":6296,"href":"https:\/\/energiaqueinova.com\/en\/wp-json\/wp\/v2\/pages\/489\/revisions\/6296"}],"wp:attachment":[{"href":"https:\/\/energiaqueinova.com\/en\/wp-json\/wp\/v2\/media?parent=489"}],"curies":[{"name":"wp","href":"https:\/\/api.w.org\/{rel}","templated":true}]}}